{"id":8,"date":"2006-12-12T18:00:02","date_gmt":"2006-12-12T17:00:02","guid":{"rendered":"http:\/\/www.tecnicaservizi.com\/planart\/index.php?page_id=8"},"modified":"2012-05-21T17:43:28","modified_gmt":"2012-05-21T15:43:28","slug":"semplice","status":"publish","type":"page","link":"https:\/\/www.itecnica.it\/planart\/semplice","title":{"rendered":"cosa \u00e8 semplice?"},"content":{"rendered":"<p>immaginiamo un applicativo che permetta di inserire quanti clienti e fornitori si desiderino, con quante sedi si voglia e con tanti contatti per ogni sede<\/p>\n<p>che usando i dati di questi clienti si possano creare preventivi, progetti, tessere\/abbonamenti, interventi\/lavorazioni, bolle, fatture a piacimento<\/p>\n<p>usando invece i dati dei fornitori si possano inserire le fatture di acquisto e allegarvi anche una copia digitale della fattura<\/p>\n<p>che tutti questi dati vadano a confluire in un unico scadenzario con i dati del pagamento del cliente\/fornitore<\/p>\n<p>con la possibilit\u00e0 di avere la verifica del codice fiscale e della partita iva automatizzate per controllare la validit\u00e0 ed evitare errori<\/p>\n<p>l&#8217;integrazione con i CAP di Poste Italiane per evere sottomano gli oltre 8.000 comuni italiani e le 16.000 zone CAP presenti in Italia<\/p>\n<p>il tutto condito con criterio, eleganza, cura e altre piccole utilit\u00e0 per permettere di lavorare in tranquillit\u00e0<\/p>\n<p>un sogno?<br \/>\nno \u00e8 Semplice!<\/p>\n<p>Semplice \u00e8 un gestionale per la piccola e media impresa con tutte queste funzionalit\u00e0 e molto di pi\u00f9 in serbo per il futuro.<br \/>\nDisponibile da subito per provarlo immediatamente.<\/p>\n<p>il gestionale viene fornito con licenza di libero utilizzo a scopo dimostrativo e limitato a 100 registrazioni ( 50 clienti, 100 preventivi, 100 bolle, 100 fatture, ecc. | questo numero \u00e8 sufficiente per permettere ad una piccola impresa di lavorare per uno o pi\u00f9 anni senza dover spendere un solo centesimo per il gestionale di contabilit\u00e0 ), aziende con una portata documentale maggiore possono chiedere l&#8217;espansione senza costi aggiuntivi, fino a 5.000 documenti. Oltre tale portata sono richiesti sistemi di schedulazione per l&#8217;archiviazione automatica dei dati.<\/p>\n<div class=\"sharedaddy sd-sharing-enabled\"><div class=\"robots-nocontent sd-block sd-social sd-social-icon sd-sharing\"><h3 class=\"sd-title\">Condividi:<\/h3><div class=\"sd-content\"><ul><li class=\"share-tumblr\"><a rel=\"nofollow noopener noreferrer\" data-shared=\"\" class=\"share-tumblr sd-button share-icon no-text\" href=\"https:\/\/www.itecnica.it\/planart\/semplice?share=tumblr\" target=\"_blank\" title=\"Fai clic qui per condividere su Tumblr\"><span><\/span><span class=\"sharing-screen-reader-text\">Fai clic qui per condividere su Tumblr (Si apre in una nuova finestra)<\/span><\/a><\/li><li class=\"share-pocket\"><a rel=\"nofollow noopener noreferrer\" data-shared=\"\" class=\"share-pocket sd-button share-icon no-text\" href=\"https:\/\/www.itecnica.it\/planart\/semplice?share=pocket\" target=\"_blank\" title=\"Fai clic qui per condividere su Pocket\"><span><\/span><span class=\"sharing-screen-reader-text\">Fai clic qui per condividere su Pocket (Si apre in una nuova finestra)<\/span><\/a><\/li><li class=\"share-reddit\"><a rel=\"nofollow noopener noreferrer\" data-shared=\"\" class=\"share-reddit sd-button share-icon no-text\" href=\"https:\/\/www.itecnica.it\/planart\/semplice?share=reddit\" target=\"_blank\" title=\"Fai clic qui per condividere su Reddit\"><span><\/span><span class=\"sharing-screen-reader-text\">Fai clic qui per condividere su Reddit (Si apre in una nuova finestra)<\/span><\/a><\/li><li class=\"share-twitter\"><a rel=\"nofollow noopener noreferrer\" data-shared=\"sharing-twitter-8\" class=\"share-twitter sd-button share-icon no-text\" href=\"https:\/\/www.itecnica.it\/planart\/semplice?share=twitter\" target=\"_blank\" title=\"Fai clic qui per condividere su Twitter\"><span><\/span><span class=\"sharing-screen-reader-text\">Fai clic qui per condividere su Twitter (Si apre in una nuova finestra)<\/span><\/a><\/li><li class=\"share-pinterest\"><a rel=\"nofollow noopener noreferrer\" data-shared=\"sharing-pinterest-8\" class=\"share-pinterest sd-button share-icon no-text\" href=\"https:\/\/www.itecnica.it\/planart\/semplice?share=pinterest\" target=\"_blank\" title=\"Fai clic qui per condividere su Pinterest\"><span><\/span><span class=\"sharing-screen-reader-text\">Fai clic qui per condividere su Pinterest (Si apre in una nuova finestra)<\/span><\/a><\/li><li class=\"share-linkedin\"><a rel=\"nofollow noopener noreferrer\" data-shared=\"sharing-linkedin-8\" class=\"share-linkedin sd-button share-icon no-text\" href=\"https:\/\/www.itecnica.it\/planart\/semplice?share=linkedin\" target=\"_blank\" title=\"Fai clic qui per condividere su LinkedIn\"><span><\/span><span class=\"sharing-screen-reader-text\">Fai clic qui per condividere su LinkedIn (Si apre in una nuova finestra)<\/span><\/a><\/li><li class=\"share-telegram\"><a rel=\"nofollow noopener noreferrer\" data-shared=\"\" class=\"share-telegram sd-button share-icon no-text\" href=\"https:\/\/www.itecnica.it\/planart\/semplice?share=telegram\" target=\"_blank\" title=\"Fai clic per condividere su Telegram\"><span><\/span><span class=\"sharing-screen-reader-text\">Fai clic per condividere su Telegram (Si apre in una nuova finestra)<\/span><\/a><\/li><li class=\"share-jetpack-whatsapp\"><a rel=\"nofollow noopener noreferrer\" data-shared=\"\" class=\"share-jetpack-whatsapp sd-button share-icon no-text\" href=\"https:\/\/www.itecnica.it\/planart\/semplice?share=jetpack-whatsapp\" target=\"_blank\" title=\"Fai clic per condividere su WhatsApp\"><span><\/span><span class=\"sharing-screen-reader-text\">Fai clic per condividere su WhatsApp (Si apre in una nuova finestra)<\/span><\/a><\/li><li class=\"share-skype\"><a rel=\"nofollow noopener noreferrer\" data-shared=\"sharing-skype-8\" class=\"share-skype sd-button share-icon no-text\" href=\"https:\/\/www.itecnica.it\/planart\/semplice?share=skype\" target=\"_blank\" title=\"Clicca per condividere su Skype\"><span><\/span><span class=\"sharing-screen-reader-text\">Clicca per condividere su Skype (Si apre in una nuova finestra)<\/span><\/a><\/li><li class=\"share-facebook\"><a rel=\"nofollow noopener noreferrer\" data-shared=\"sharing-facebook-8\" class=\"share-facebook sd-button share-icon no-text\" href=\"https:\/\/www.itecnica.it\/planart\/semplice?share=facebook\" target=\"_blank\" title=\"Fai clic per condividere su Facebook\"><span><\/span><span class=\"sharing-screen-reader-text\">Fai clic per condividere su Facebook (Si apre in una nuova finestra)<\/span><\/a><\/li><li class=\"share-email\"><a rel=\"nofollow noopener noreferrer\" data-shared=\"\" class=\"share-email sd-button share-icon no-text\" href=\"https:\/\/www.itecnica.it\/planart\/semplice?share=email\" target=\"_blank\" title=\"Fai clic qui per inviare l'articolo via mail ad un amico\"><span><\/span><span class=\"sharing-screen-reader-text\">Fai clic qui per inviare l'articolo via mail ad un amico (Si apre in una nuova finestra)<\/span><\/a><\/li><li class=\"share-print\"><a rel=\"nofollow noopener noreferrer\" data-shared=\"\" class=\"share-print sd-button share-icon no-text\" href=\"https:\/\/www.itecnica.it\/planart\/semplice\" target=\"_blank\" title=\"Fai clic qui per stampare\"><span><\/span><span class=\"sharing-screen-reader-text\">Fai clic qui per stampare (Si apre in una nuova finestra)<\/span><\/a><\/li><li class=\"share-end\"><\/li><\/ul><\/div><\/div><\/div>","protected":false},"excerpt":{"rendered":"<p>immaginiamo un applicativo che permetta di inserire quanti clienti e fornitori si desiderino, con quante sedi si voglia e con tanti contatti per ogni sede che usando i dati di questi clienti si possano creare preventivi, progetti, tessere\/abbonamenti, interventi\/lavorazioni, bolle, fatture a piacimento usando invece i dati dei fornitori si possano inserire le fatture di [&hellip;]<\/p>\n<div class=\"sharedaddy sd-sharing-enabled\"><div class=\"robots-nocontent sd-block sd-social sd-social-icon sd-sharing\"><h3 class=\"sd-title\">Condividi:<\/h3><div class=\"sd-content\"><ul><li class=\"share-tumblr\"><a rel=\"nofollow noopener noreferrer\" data-shared=\"\" class=\"share-tumblr sd-button share-icon no-text\" href=\"https:\/\/www.itecnica.it\/planart\/semplice?share=tumblr\" target=\"_blank\" title=\"Fai clic qui per condividere su Tumblr\"><span><\/span><span class=\"sharing-screen-reader-text\">Fai clic qui per condividere su Tumblr (Si apre in una nuova finestra)<\/span><\/a><\/li><li class=\"share-pocket\"><a rel=\"nofollow noopener noreferrer\" data-shared=\"\" class=\"share-pocket sd-button share-icon no-text\" href=\"https:\/\/www.itecnica.it\/planart\/semplice?share=pocket\" target=\"_blank\" title=\"Fai clic qui per condividere su Pocket\"><span><\/span><span class=\"sharing-screen-reader-text\">Fai clic qui per condividere su Pocket (Si apre in una nuova finestra)<\/span><\/a><\/li><li class=\"share-reddit\"><a rel=\"nofollow noopener noreferrer\" data-shared=\"\" class=\"share-reddit sd-button share-icon no-text\" href=\"https:\/\/www.itecnica.it\/planart\/semplice?share=reddit\" target=\"_blank\" title=\"Fai clic qui per condividere su Reddit\"><span><\/span><span class=\"sharing-screen-reader-text\">Fai clic qui per condividere su Reddit (Si apre in una nuova finestra)<\/span><\/a><\/li><li class=\"share-twitter\"><a rel=\"nofollow noopener noreferrer\" data-shared=\"sharing-twitter-8\" class=\"share-twitter sd-button share-icon no-text\" href=\"https:\/\/www.itecnica.it\/planart\/semplice?share=twitter\" target=\"_blank\" title=\"Fai clic qui per condividere su Twitter\"><span><\/span><span class=\"sharing-screen-reader-text\">Fai clic qui per condividere su Twitter (Si apre in una nuova finestra)<\/span><\/a><\/li><li class=\"share-pinterest\"><a rel=\"nofollow noopener noreferrer\" data-shared=\"sharing-pinterest-8\" class=\"share-pinterest sd-button share-icon no-text\" href=\"https:\/\/www.itecnica.it\/planart\/semplice?share=pinterest\" target=\"_blank\" title=\"Fai clic qui per condividere su Pinterest\"><span><\/span><span class=\"sharing-screen-reader-text\">Fai clic qui per condividere su Pinterest (Si apre in una nuova finestra)<\/span><\/a><\/li><li class=\"share-linkedin\"><a rel=\"nofollow noopener noreferrer\" data-shared=\"sharing-linkedin-8\" class=\"share-linkedin sd-button share-icon no-text\" href=\"https:\/\/www.itecnica.it\/planart\/semplice?share=linkedin\" target=\"_blank\" title=\"Fai clic qui per condividere su LinkedIn\"><span><\/span><span class=\"sharing-screen-reader-text\">Fai clic qui per condividere su LinkedIn (Si apre in una nuova finestra)<\/span><\/a><\/li><li class=\"share-telegram\"><a rel=\"nofollow noopener noreferrer\" data-shared=\"\" class=\"share-telegram sd-button share-icon no-text\" href=\"https:\/\/www.itecnica.it\/planart\/semplice?share=telegram\" target=\"_blank\" title=\"Fai clic per condividere su Telegram\"><span><\/span><span class=\"sharing-screen-reader-text\">Fai clic per condividere su Telegram (Si apre in una nuova finestra)<\/span><\/a><\/li><li class=\"share-jetpack-whatsapp\"><a rel=\"nofollow noopener noreferrer\" data-shared=\"\" class=\"share-jetpack-whatsapp sd-button share-icon no-text\" href=\"https:\/\/www.itecnica.it\/planart\/semplice?share=jetpack-whatsapp\" target=\"_blank\" title=\"Fai clic per condividere su WhatsApp\"><span><\/span><span class=\"sharing-screen-reader-text\">Fai clic per condividere su WhatsApp (Si apre in una nuova finestra)<\/span><\/a><\/li><li class=\"share-skype\"><a rel=\"nofollow noopener noreferrer\" data-shared=\"sharing-skype-8\" class=\"share-skype sd-button share-icon no-text\" href=\"https:\/\/www.itecnica.it\/planart\/semplice?share=skype\" target=\"_blank\" title=\"Clicca per condividere su Skype\"><span><\/span><span class=\"sharing-screen-reader-text\">Clicca per condividere su Skype (Si apre in una nuova finestra)<\/span><\/a><\/li><li class=\"share-facebook\"><a rel=\"nofollow noopener noreferrer\" data-shared=\"sharing-facebook-8\" class=\"share-facebook sd-button share-icon no-text\" href=\"https:\/\/www.itecnica.it\/planart\/semplice?share=facebook\" target=\"_blank\" title=\"Fai clic per condividere su Facebook\"><span><\/span><span class=\"sharing-screen-reader-text\">Fai clic per condividere su Facebook (Si apre in una nuova finestra)<\/span><\/a><\/li><li class=\"share-email\"><a rel=\"nofollow noopener noreferrer\" data-shared=\"\" class=\"share-email sd-button share-icon no-text\" href=\"https:\/\/www.itecnica.it\/planart\/semplice?share=email\" target=\"_blank\" title=\"Fai clic qui per inviare l'articolo via mail ad un amico\"><span><\/span><span class=\"sharing-screen-reader-text\">Fai clic qui per inviare l'articolo via mail ad un amico (Si apre in una nuova finestra)<\/span><\/a><\/li><li class=\"share-print\"><a rel=\"nofollow noopener noreferrer\" data-shared=\"\" class=\"share-print sd-button share-icon no-text\" href=\"https:\/\/www.itecnica.it\/planart\/semplice\" target=\"_blank\" title=\"Fai clic qui per stampare\"><span><\/span><span class=\"sharing-screen-reader-text\">Fai clic qui per stampare (Si apre in una nuova finestra)<\/span><\/a><\/li><li class=\"share-end\"><\/li><\/ul><\/div><\/div><\/div>","protected":false},"author":1,"featured_media":0,"parent":0,"menu_order":2,"comment_status":"open","ping_status":"open","template":"","meta":{"advanced_seo_description":"","spay_email":""},"jetpack_sharing_enabled":true,"jetpack-related-posts":[{"id":4,"url":"https:\/\/www.itecnica.it\/planart\/clinica","url_meta":{"origin":8,"position":0},"title":"clinica veterinaria","date":"Dicembre 12, 2006","format":false,"excerpt":"per gestire una clinica veterinaria sono necessarie molte conoscenze che spaziano in diversi settori, dalla medicina veterinaria, all'analisi di laboratorio, alle terapie, fino all'amministrazione. naturalmente questi ambiti non possono rimanere divisi, le persone che se ne occupano, per svolgere al meglio il loro lavoro, hanno la necessit\u00e0 di scambiarsi i\u2026","rel":"","context":"Articolo simile","img":{"alt_text":"","src":"","width":0,"height":0},"classes":[]},{"id":97,"url":"https:\/\/www.itecnica.it\/planart\/crm-cms","url_meta":{"origin":8,"position":1},"title":"CRM, CMS&#8230; cosa sono?","date":"Giugno 14, 2011","format":false,"excerpt":"Cos\u2019\u00e8 un CRM? Il concetto di Customer Relationship Management ( termine inglese spesso abbreviato in CRM ) \u00e8 legato al concetto di fidelizzazione dei clienti. Come \u00e8 ormai ben noto, il cliente riveste un ruolo determinante all'interno dell'impresa e senza esagerazione lo si potrebbe definire \"il re\". L'impresa il cui\u2026","rel":"","context":"Articolo simile","img":{"alt_text":"","src":"","width":0,"height":0},"classes":[]},{"id":2,"url":"https:\/\/www.itecnica.it\/planart\/planart","url_meta":{"origin":8,"position":2},"title":"a proposito di plan art&#8230;","date":"Dicembre 12, 2006","format":false,"excerpt":"Plan Art - Pianificazione ad Arte \u00e8 nata a Rimini nel 1998 come ditta individuale, ma il titolare, Stefano Monti, operava gi\u00e0 come libero professionista dal 1991. La missione di Plan Art \u00e8 quella di seguire la \"vita tecnologica\" delle imprese, dalla consulenza, per valutare insieme la miglior soluzione per\u2026","rel":"","context":"Articolo simile","img":{"alt_text":"","src":"","width":0,"height":0},"classes":[]},{"id":43,"url":"https:\/\/www.itecnica.it\/planart\/informativa","url_meta":{"origin":8,"position":3},"title":"Informativa al trattamento dei dati","date":"Giugno 14, 2011","format":false,"excerpt":"Informativa ai sensi dell\u2019art. 13 del Decreto Legislativo 30 giugno 2003, n. 196 \u201cCodice in materia di trattamento dei dati personali\u201d Desideriamo informarLa che ai sensi del D.Lgs. n.196\/2003 ( Codice in materia di protezione dei dati personali ) che ha sostituito la legge n. 675\/1996, chiunque ha diritto alla\u2026","rel":"","context":"Articolo simile","img":{"alt_text":"","src":"","width":0,"height":0},"classes":[]},{"id":422,"url":"https:\/\/www.itecnica.it\/planart\/informativa-cookie-cookies-policy","url_meta":{"origin":8,"position":4},"title":"Informativa cookie (cookies policy)","date":"Novembre 15, 2016","format":false,"excerpt":"Il Garante della Privacy con il Provvedimento Generale dell'8 maggio 2014 (G.U. 123 del 3 giugno 2014) ha stabilito che i siti web\u00a0NON possono utilizzare i cosiddetti cookies senza il consenso\u00a0preventivo dell'utente. Inoltre deve essere predisposta su\u00a0tutti i siti web una pagina informativa che esplica la cookies policy del sito\u2026","rel":"","context":"Articolo simile","img":{"alt_text":"","src":"","width":0,"height":0},"classes":[]},{"id":22,"url":"https:\/\/www.itecnica.it\/planart\/filosofia","url_meta":{"origin":8,"position":5},"title":"Filosofia del sito e di Plan Art","date":"Giugno 14, 2011","format":false,"excerpt":"Perch\u00e9 c'\u00e8 bisogno di una filosofia? S\u00ec! Informativa ai sensi del buon senso e dello Statuto organizzativo dell'impresa Plan Art, n. 1 07.98 \u201cCodice in materia di trattamento dei clienti e del prodotto\u201d Desideriamo informarLa che ai sensi della regola di statuto dell'impresa Plan Art n.1\/1998 ( Codice in materia\u2026","rel":"","context":"Articolo simile","img":{"alt_text":"","src":"","width":0,"height":0},"classes":[]}],"jetpack_likes_enabled":true,"_links":{"self":[{"href":"https:\/\/www.itecnica.it\/planart\/wp-json\/wp\/v2\/pages\/8"}],"collection":[{"href":"https:\/\/www.itecnica.it\/planart\/wp-json\/wp\/v2\/pages"}],"about":[{"href":"https:\/\/www.itecnica.it\/planart\/wp-json\/wp\/v2\/types\/page"}],"author":[{"embeddable":true,"href":"https:\/\/www.itecnica.it\/planart\/wp-json\/wp\/v2\/users\/1"}],"replies":[{"embeddable":true,"href":"https:\/\/www.itecnica.it\/planart\/wp-json\/wp\/v2\/comments?post=8"}],"version-history":[{"count":5,"href":"https:\/\/www.itecnica.it\/planart\/wp-json\/wp\/v2\/pages\/8\/revisions"}],"predecessor-version":[{"id":116,"href":"https:\/\/www.itecnica.it\/planart\/wp-json\/wp\/v2\/pages\/8\/revisions\/116"}],"wp:attachment":[{"href":"https:\/\/www.itecnica.it\/planart\/wp-json\/wp\/v2\/media?parent=8"}],"curies":[{"name":"wp","href":"https:\/\/api.w.org\/{rel}","templated":true}]}}